{"id":205,"date":"2019-01-25T15:10:30","date_gmt":"2019-01-25T15:10:30","guid":{"rendered":"http:\/\/hipicalegend.com\/?page_id=205"},"modified":"2020-08-01T10:58:16","modified_gmt":"2020-08-01T10:58:16","slug":"clases","status":"publish","type":"page","link":"https:\/\/hipicalegend.com\/?page_id=205","title":{"rendered":"CLASES"},"content":{"rendered":"\n<p class=\"has-text-color has-very-dark-gray-color\"><strong>CLASES DE SALTO, DOMA Y VOLTEO PARA TODOS LOS NIVELES<\/strong><\/p>\n\n\n\n<p class=\"has-text-color has-very-dark-gray-color\">Nuestro principal inter\u00e9s es formar a nuestros alumnos con una buena base desde la preparaci\u00f3n del caballo hasta la t\u00e9cnica en la pista.<\/p>\n\n\n\n<ul class=\"wp-block-gallery alignleft columns-2 is-cropped wp-block-gallery-1 is-layout-flex wp-block-gallery-is-layout-flex\"><li class=\"blocks-gallery-item\"><figure><img loading=\"lazy\" decoding=\"async\" width=\"1181\" height=\"1650\" src=\"http:\/\/hipicalegend.com\/wp-content\/uploads\/2020\/02\/doma-1.jpg\" alt=\"\" data-id=\"328\" data-link=\"http:\/\/hipicalegend.com\/?attachment_id=328#main\" class=\"wp-image-328\" srcset=\"https:\/\/hipicalegend.com\/wp-content\/uploads\/2020\/02\/doma-1.jpg 1181w, https:\/\/hipicalegend.com\/wp-content\/uploads\/2020\/02\/doma-1-768x1073.jpg 768w\" sizes=\"auto, (max-width: 1181px) 100vw, 1181px\" \/><\/figure><\/li><li class=\"blocks-gallery-item\"><figure><img decoding=\"async\" src=\"http:\/\/hipicalegend.com\/wp-content\/uploads\/2020\/02\/saltoweb.jpg\" alt=\"\" data-id=\"329\" data-link=\"http:\/\/hipicalegend.com\/?attachment_id=329#main\" class=\"wp-image-329\"\/><\/figure><\/li><\/ul>\n\n\n\n<h4 class=\"wp-block-heading\">Salto, doma y volteo son las principales disciplinas en nuestro centro <\/h4>\n\n\n\n<div class=\"wp-block-image\"><figure class=\"alignleft is-resized\"><img loading=\"lazy\" decoding=\"async\" src=\"http:\/\/hipicalegend.com\/wp-content\/uploads\/2019\/11\/volteoweb.jpg\" alt=\"\" class=\"wp-image-286\" width=\"308\" height=\"161\" srcset=\"https:\/\/hipicalegend.com\/wp-content\/uploads\/2019\/11\/volteoweb.jpg 2000w, https:\/\/hipicalegend.com\/wp-content\/uploads\/2019\/11\/volteoweb-768x402.jpg 768w\" sizes=\"auto, (max-width: 308px) 100vw, 308px\" \/><\/figure><\/div>\n\n\n\n<p class=\"has-text-color has-very-dark-gray-color\">Para nuestras clases contamos con personal cualificado capaz de ense\u00f1ar a todos los que no tengan ning\u00fan tipo de conocimientos de equitaci\u00f3n, y  a aquellos que con conocimientos les gustar\u00eda llevar este deporte a un nivel m\u00e1s profesional.<\/p>\n\n\n\n<p class=\"has-text-color has-very-dark-gray-color\">Nuestra pista de 60 x 50 m2 cuenta con un potente sistema de sonido que permite que las clases sean impartidas con micr\u00f3fono y m\u00fasica para que sean mucho m\u00e1s divertidas. <\/p>\n\n\n\n<div class=\"wp-block-image\"><figure class=\"alignright is-resized\"><img loading=\"lazy\" decoding=\"async\" src=\"http:\/\/hipicalegend.com\/wp-content\/uploads\/2020\/07\/clasesIMG-4721.jpg\" alt=\"\" class=\"wp-image-340\" width=\"276\" height=\"183\" srcset=\"https:\/\/hipicalegend.com\/wp-content\/uploads\/2020\/07\/clasesIMG-4721.jpg 900w, https:\/\/hipicalegend.com\/wp-content\/uploads\/2020\/07\/clasesIMG-4721-768x509.jpg 768w\" sizes=\"auto, (max-width: 276px) 100vw, 276px\" \/><\/figure><\/div>\n\n\n\n<p class=\"has-text-color has-very-dark-gray-color\">Si estas interesado en nuestros bonos no dudes en contactarnos en hipicalegend@gmail.com o al tel\u00e9fono 663 049 626 <\/p>\n","protected":false},"excerpt":{"rendered":"<p>CLASES DE SALTO, DOMA Y VOLTEO PARA TODOS LOS NIVELES Nuestro principal inter\u00e9s es formar a nuestros alumnos con una buena base desde la preparaci\u00f3n del caballo hasta la t\u00e9cnica en la pista. Salto, doma y volteo son las principales disciplinas en nuestro centro Para nuestras clases contamos con personal cualificado capaz de ense\u00f1ar a [&hellip;]<\/p>\n","protected":false},"author":1,"featured_media":329,"parent":0,"menu_order":0,"comment_status":"open","ping_status":"closed","template":"","meta":{"footnotes":""},"class_list":["post-205","page","type-page","status-publish","has-post-thumbnail","hentry"],"aioseo_notices":[],"_links":{"self":[{"href":"https:\/\/hipicalegend.com\/index.php?rest_route=\/wp\/v2\/pages\/205","targetHints":{"allow":["GET"]}}],"collection":[{"href":"https:\/\/hipicalegend.com\/index.php?rest_route=\/wp\/v2\/pages"}],"about":[{"href":"https:\/\/hipicalegend.com\/index.php?rest_route=\/wp\/v2\/types\/page"}],"author":[{"embeddable":true,"href":"https:\/\/hipicalegend.com\/index.php?rest_route=\/wp\/v2\/users\/1"}],"replies":[{"embeddable":true,"href":"https:\/\/hipicalegend.com\/index.php?rest_route=%2Fwp%2Fv2%2Fcomments&post=205"}],"version-history":[{"count":11,"href":"https:\/\/hipicalegend.com\/index.php?rest_route=\/wp\/v2\/pages\/205\/revisions"}],"predecessor-version":[{"id":377,"href":"https:\/\/hipicalegend.com\/index.php?rest_route=\/wp\/v2\/pages\/205\/revisions\/377"}],"wp:featuredmedia":[{"embeddable":true,"href":"https:\/\/hipicalegend.com\/index.php?rest_route=\/wp\/v2\/media\/329"}],"wp:attachment":[{"href":"https:\/\/hipicalegend.com\/index.php?rest_route=%2Fwp%2Fv2%2Fmedia&parent=205"}],"curies":[{"name":"wp","href":"https:\/\/api.w.org\/{rel}","templated":true}]}}