{"id":207,"date":"2019-01-25T15:10:44","date_gmt":"2019-01-25T15:10:44","guid":{"rendered":"http:\/\/hipicalegend.com\/?page_id=207"},"modified":"2020-08-01T10:42:20","modified_gmt":"2020-08-01T10:42:20","slug":"excursiones","status":"publish","type":"page","link":"https:\/\/hipicalegend.com\/?page_id=207","title":{"rendered":"EXCURSIONES"},"content":{"rendered":"\n<h2 class=\"wp-block-heading\"><\/h2>\n\n\n\n<ul class=\"wp-block-gallery columns-3 is-cropped wp-block-gallery-1 is-layout-flex wp-block-gallery-is-layout-flex\"><li class=\"blocks-gallery-item\"><figure><img loading=\"lazy\" decoding=\"async\" width=\"3508\" height=\"2480\" src=\"http:\/\/hipicalegend.com\/wp-content\/uploads\/2020\/08\/webexcursiones.jpg\" alt=\"\" data-id=\"367\" data-link=\"http:\/\/hipicalegend.com\/?attachment_id=367#main\" class=\"wp-image-367\" srcset=\"https:\/\/hipicalegend.com\/wp-content\/uploads\/2020\/08\/webexcursiones.jpg 3508w, https:\/\/hipicalegend.com\/wp-content\/uploads\/2020\/08\/webexcursiones-768x543.jpg 768w\" sizes=\"auto, (max-width: 3508px) 100vw, 3508px\" \/><\/figure><\/li><li class=\"blocks-gallery-item\"><figure><img loading=\"lazy\" decoding=\"async\" width=\"3508\" height=\"2480\" src=\"http:\/\/hipicalegend.com\/wp-content\/uploads\/2020\/08\/webexcursiones1.jpg\" alt=\"\" data-id=\"368\" data-link=\"http:\/\/hipicalegend.com\/?attachment_id=368#main\" class=\"wp-image-368\" srcset=\"https:\/\/hipicalegend.com\/wp-content\/uploads\/2020\/08\/webexcursiones1.jpg 3508w, https:\/\/hipicalegend.com\/wp-content\/uploads\/2020\/08\/webexcursiones1-768x543.jpg 768w\" sizes=\"auto, (max-width: 3508px) 100vw, 3508px\" \/><\/figure><\/li><li class=\"blocks-gallery-item\"><figure><img loading=\"lazy\" decoding=\"async\" width=\"3508\" height=\"2480\" src=\"http:\/\/hipicalegend.com\/wp-content\/uploads\/2020\/08\/webexcursiones3.jpg\" alt=\"\" data-id=\"369\" data-link=\"http:\/\/hipicalegend.com\/?attachment_id=369#main\" class=\"wp-image-369\" srcset=\"https:\/\/hipicalegend.com\/wp-content\/uploads\/2020\/08\/webexcursiones3.jpg 3508w, https:\/\/hipicalegend.com\/wp-content\/uploads\/2020\/08\/webexcursiones3-768x543.jpg 768w\" sizes=\"auto, (max-width: 3508px) 100vw, 3508px\" \/><\/figure><\/li><li class=\"blocks-gallery-item\"><figure><img loading=\"lazy\" decoding=\"async\" width=\"3508\" height=\"2480\" src=\"http:\/\/hipicalegend.com\/wp-content\/uploads\/2020\/08\/webexcursiones4.jpg\" alt=\"\" data-id=\"370\" data-link=\"http:\/\/hipicalegend.com\/?attachment_id=370#main\" class=\"wp-image-370\" srcset=\"https:\/\/hipicalegend.com\/wp-content\/uploads\/2020\/08\/webexcursiones4.jpg 3508w, https:\/\/hipicalegend.com\/wp-content\/uploads\/2020\/08\/webexcursiones4-768x543.jpg 768w\" sizes=\"auto, (max-width: 3508px) 100vw, 3508px\" \/><\/figure><\/li><\/ul>\n\n\n\n<p>En h\u00edpica Legend realizamos excursiones a caballo para todos los niveles. Puedes elegir entre rutas de una hora hasta cuatro horas para los m\u00e1s avanzados.<\/p>\n\n\n\n<p>Por la monta\u00f1a o a la playa nuestros caballos te har\u00e1n pasar una experiencia en plena naturaleza!<\/p>\n","protected":false},"excerpt":{"rendered":"<p>En h\u00edpica Legend realizamos excursiones a caballo para todos los niveles. Puedes elegir entre rutas de una hora hasta cuatro horas para los m\u00e1s avanzados. Por la monta\u00f1a o a la playa nuestros caballos te har\u00e1n pasar una experiencia en plena naturaleza!<\/p>\n","protected":false},"author":1,"featured_media":370,"parent":0,"menu_order":0,"comment_status":"closed","ping_status":"closed","template":"","meta":{"footnotes":""},"class_list":["post-207","page","type-page","status-publish","has-post-thumbnail","hentry"],"aioseo_notices":[],"_links":{"self":[{"href":"https:\/\/hipicalegend.com\/index.php?rest_route=\/wp\/v2\/pages\/207","targetHints":{"allow":["GET"]}}],"collection":[{"href":"https:\/\/hipicalegend.com\/index.php?rest_route=\/wp\/v2\/pages"}],"about":[{"href":"https:\/\/hipicalegend.com\/index.php?rest_route=\/wp\/v2\/types\/page"}],"author":[{"embeddable":true,"href":"https:\/\/hipicalegend.com\/index.php?rest_route=\/wp\/v2\/users\/1"}],"replies":[{"embeddable":true,"href":"https:\/\/hipicalegend.com\/index.php?rest_route=%2Fwp%2Fv2%2Fcomments&post=207"}],"version-history":[{"count":5,"href":"https:\/\/hipicalegend.com\/index.php?rest_route=\/wp\/v2\/pages\/207\/revisions"}],"predecessor-version":[{"id":375,"href":"https:\/\/hipicalegend.com\/index.php?rest_route=\/wp\/v2\/pages\/207\/revisions\/375"}],"wp:featuredmedia":[{"embeddable":true,"href":"https:\/\/hipicalegend.com\/index.php?rest_route=\/wp\/v2\/media\/370"}],"wp:attachment":[{"href":"https:\/\/hipicalegend.com\/index.php?rest_route=%2Fwp%2Fv2%2Fmedia&parent=207"}],"curies":[{"name":"wp","href":"https:\/\/api.w.org\/{rel}","templated":true}]}}